{"id":1908,"date":"2025-02-02T16:21:02","date_gmt":"2025-02-02T16:21:02","guid":{"rendered":"https:\/\/art-borescences.com\/?page_id=1908"},"modified":"2026-04-11T07:54:14","modified_gmt":"2026-04-11T07:54:14","slug":"medias","status":"publish","type":"page","link":"https:\/\/art-borescences.com\/en\/medias\/","title":{"rendered":"Media"},"content":{"rendered":"<div class=\"wp-block-group has-global-padding is-layout-constrained wp-block-group-is-layout-constrained\">\n<h2 class=\"wp-block-heading\">Media<\/h2>\n<\/div>\n\n\n\n<p class=\"animated fadeIn slow\">Art.borescences has had opportunities to introduce itself\u2026 via different channels:<\/p>\n\n\n\n<div class=\"wp-block-columns animated fadeIn slow is-layout-flex wp-container-core-columns-is-layout-28f84493 wp-block-columns-is-layout-flex\">\n<div class=\"wp-block-column is-layout-flow wp-block-column-is-layout-flow\" style=\"flex-basis:75%\">\n<h3 class=\"wp-block-heading\"><strong>Artists' Collective \u2018Les Hang\u2019ART\u2019<\/strong><\/h3>\n\n\n\n<p>As a member of the Artist Collective <a href=\"https:\/\/leshangart.com\/\" target=\"_blank\" rel=\"noopener\"><strong>les HangART<\/strong><\/a>, I had the opportunity to present my artistic world in a \u2018Spotlight\u2019 interview.<\/p>\n\n\n\n<p>Discover the world of Art.borescences through my words.<\/p>\n\n\n\n<p class=\"translation-block\">Through this conversation, you'll learn a little more about the artist behind this universe: <strong>who I am<\/strong>, what <strong>drives me<\/strong>, and how I endeavour to <strong>share<\/strong> it with you.<\/p>\n<\/div>\n\n\n\n<div class=\"wp-block-column is-layout-flow wp-block-column-is-layout-flow\" style=\"flex-basis:25%\">\n<figure style=\"padding-top:0;padding-right:0;padding-bottom:0;padding-left:0\" class=\"wp-block-video\"><video height=\"960\" style=\"aspect-ratio: 544 \/ 960;\" width=\"544\" controls src=\"https:\/\/art-borescences.com\/wp-content\/uploads\/2025\/02\/Presentation-Art.borescences_Les-HangART.mp4\"><\/video><\/figure>\n<\/div>\n<\/div>\n\n\n\n<h3 class=\"wp-block-heading animated fadeIn slow\"><strong>Studio Mon Podcast<\/strong><\/h3>\n\n\n\n<div class=\"wp-block-columns animated fadeIn slow is-layout-flex wp-container-core-columns-is-layout-28f84493 wp-block-columns-is-layout-flex\">\n<div class=\"wp-block-column is-layout-flow wp-block-column-is-layout-flow\" style=\"flex-basis:50%\">\n<p>While exhibiting at<strong><a href=\"https:\/\/www.harmon.house\/\" target=\"_blank\" rel=\"noreferrer noopener\">Harmon House<\/a><\/strong> in Brussels, I had the joy of sharing what nourishes my artistic world and ceramic practice \u2013 and what truly drives me: helping us reconnect with Nature, so we may better cherish and protect it.<\/p>\n\n\n\n<p>This interview is an invitation to dive into the heart of<strong>Art.borescences<\/strong>.<\/p>\n\n\n\n<p>You'll discover how I breathe Life and Poetry into clay, how my sculptures take shape through organic softness and vital energy \u2013 to bring Nature into our homes, and awaken our Inner Nature.<\/p>\n<\/div>\n\n\n\n<div class=\"wp-block-column is-layout-flow wp-block-column-is-layout-flow\" style=\"flex-basis:50%\">\n<p><strong><em>Meeting around the exhibition at Harmon House - An interview to explore the roots and spirit of Art.borescences \u2013 watch below:&nbsp;<\/em>:<\/strong><\/p>\n\n\n\n<figure class=\"wp-block-embed is-type-video is-provider-youtube wp-block-embed-youtube wp-embed-aspect-16-9 wp-has-aspect-ratio\"><div class=\"wp-block-embed__wrapper\">\n<iframe loading=\"lazy\" title=\"Plongez dans l\u2019Art C\u00e9ramique inspir\u00e9 par la Nature avec Art.borescences : Isabelle Gautherot\" width=\"500\" height=\"281\" src=\"https:\/\/www.youtube.com\/embed\/r6V7b8sXcEs?feature=oembed\" frameborder=\"0\" allow=\"accelerometer; autoplay; clipboard-write; encrypted-media; gyroscope; picture-in-picture; web-share\" referrerpolicy=\"strict-origin-when-cross-origin\" allowfullscreen><\/iframe>\n<\/div><\/figure>\n<\/div>\n<\/div>","protected":false},"excerpt":{"rendered":"<p>M\u00e9dias Art.borescences a eu l&rsquo;occasion de se pr\u00e9senter&#8230; via diff\u00e9rents canaux: Collectif d&rsquo;Artistes &lsquo;Les Hang&rsquo;ART&rsquo; En tant que membre du Collectif d&rsquo;Artistes les HangART, j&rsquo;ai eu l&rsquo;occasion de pr\u00e9senter mon univers artistique dans le cadre d&rsquo;une interview &lsquo;Spotlight&rsquo;. D\u00e9couvrez l&rsquo;univers Art.borescences \u00e0 travers mes mots. A travers cette conversation, vous en apprendrez un peu plus [&hellip;]<\/p>\n","protected":false},"author":1,"featured_media":0,"parent":0,"menu_order":0,"comment_status":"closed","ping_status":"closed","template":"page-no-title","meta":{"_themeisle_gutenberg_block_has_review":false,"footnotes":""},"class_list":["post-1908","page","type-page","status-publish","hentry"],"_links":{"self":[{"href":"https:\/\/art-borescences.com\/en\/wp-json\/wp\/v2\/pages\/1908","targetHints":{"allow":["GET"]}}],"collection":[{"href":"https:\/\/art-borescences.com\/en\/wp-json\/wp\/v2\/pages"}],"about":[{"href":"https:\/\/art-borescences.com\/en\/wp-json\/wp\/v2\/types\/page"}],"author":[{"embeddable":true,"href":"https:\/\/art-borescences.com\/en\/wp-json\/wp\/v2\/users\/1"}],"replies":[{"embeddable":true,"href":"https:\/\/art-borescences.com\/en\/wp-json\/wp\/v2\/comments?post=1908"}],"version-history":[{"count":8,"href":"https:\/\/art-borescences.com\/en\/wp-json\/wp\/v2\/pages\/1908\/revisions"}],"predecessor-version":[{"id":2251,"href":"https:\/\/art-borescences.com\/en\/wp-json\/wp\/v2\/pages\/1908\/revisions\/2251"}],"wp:attachment":[{"href":"https:\/\/art-borescences.com\/en\/wp-json\/wp\/v2\/media?parent=1908"}],"curies":[{"name":"wp","href":"https:\/\/api.w.org\/{rel}","templated":true}]}}