{"id":1357,"date":"2024-09-01T14:49:57","date_gmt":"2024-09-01T14:49:57","guid":{"rendered":"https:\/\/art-borescences.com\/?page_id=1357"},"modified":"2025-05-08T14:52:14","modified_gmt":"2025-05-08T14:52:14","slug":"conditions-generales-de-vente","status":"publish","type":"page","link":"https:\/\/art-borescences.com\/en\/conditions-generales-de-vente\/","title":{"rendered":"General Terms of Sale"},"content":{"rendered":"<div style=\"height:30px\" aria-hidden=\"true\" class=\"wp-block-spacer\"><\/div>\n\n\n\n<h2 class=\"wp-block-heading animated fadeIn slow\">General Terms of Sale<\/h2>\n\n\n\n<p>As Art.borescences (Isabelle Gautherot) works through the Cooperative <strong>Smart, Productions Associ\u00e9es asbl<\/strong>, their general terms of sale apply. These can be consulted at any time <a href=\"https:\/\/guide.smart.coop\/\" data-type=\"link\" data-id=\"https:\/\/guide.smart.coop\/\" target=\"_blank\" rel=\"noopener\"><strong>here<\/strong><\/a> (by typing 'conditions g\u00e9n\u00e9rales' in the search bar).<\/p>","protected":false},"excerpt":{"rendered":"<p>Conditions G\u00e9n\u00e9rales de Vente Art.borescences (Isabelle Gautherot) exer\u00e7ant par l&rsquo;interm\u00e9diaire de la Coop\u00e9rative Smart, Productions Associ\u00e9es asbl, les conditions g\u00e9n\u00e9rales de vente de celle-ci s&rsquo;appliquent. Elles peuvent \u00eatre consult\u00e9es \u00e0 tout moment ici (en tapant &lsquo;conditions g\u00e9n\u00e9rales&rsquo; dans la barre de recherche).<\/p>","protected":false},"author":1,"featured_media":0,"parent":0,"menu_order":0,"comment_status":"closed","ping_status":"closed","template":"page-no-title","meta":{"_themeisle_gutenberg_block_has_review":false,"footnotes":""},"class_list":["post-1357","page","type-page","status-publish","hentry"],"_links":{"self":[{"href":"https:\/\/art-borescences.com\/en\/wp-json\/wp\/v2\/pages\/1357","targetHints":{"allow":["GET"]}}],"collection":[{"href":"https:\/\/art-borescences.com\/en\/wp-json\/wp\/v2\/pages"}],"about":[{"href":"https:\/\/art-borescences.com\/en\/wp-json\/wp\/v2\/types\/page"}],"author":[{"embeddable":true,"href":"https:\/\/art-borescences.com\/en\/wp-json\/wp\/v2\/users\/1"}],"replies":[{"embeddable":true,"href":"https:\/\/art-borescences.com\/en\/wp-json\/wp\/v2\/comments?post=1357"}],"version-history":[{"count":11,"href":"https:\/\/art-borescences.com\/en\/wp-json\/wp\/v2\/pages\/1357\/revisions"}],"predecessor-version":[{"id":1861,"href":"https:\/\/art-borescences.com\/en\/wp-json\/wp\/v2\/pages\/1357\/revisions\/1861"}],"wp:attachment":[{"href":"https:\/\/art-borescences.com\/en\/wp-json\/wp\/v2\/media?parent=1357"}],"curies":[{"name":"wp","href":"https:\/\/api.w.org\/{rel}","templated":true}]}}