{"id":12,"date":"2024-07-26T12:39:34","date_gmt":"2024-07-26T12:39:34","guid":{"rendered":"https:\/\/art-borescences.com\/?page_id=12"},"modified":"2026-03-19T07:09:48","modified_gmt":"2026-03-19T07:09:48","slug":"contact","status":"publish","type":"page","link":"https:\/\/art-borescences.com\/en\/contact\/","title":{"rendered":"Contact"},"content":{"rendered":"\n<div class=\"wp-block-group has-global-padding is-layout-constrained wp-block-group-is-layout-constrained\">\n<h2 class=\"wp-block-heading\">Me contacter<\/h2>\n\n\n\n<p class=\"animated fadeIn slow\">Mon univers vous inspire, et&#8230;<\/p>\n\n\n\n<div class=\"wp-block-columns animated fadeIn slow is-layout-flex wp-container-core-columns-is-layout-28f84493 wp-block-columns-is-layout-flex\">\n<div class=\"wp-block-column is-layout-flow wp-block-column-is-layout-flow\" style=\"flex-basis:45%\">\n<p>&#8230; Vous souhaitez <strong>accueillir ou offrir <\/strong>une Art.borescence&nbsp;? Rendez-vous sur nos lieux d&rsquo;exposition: <a href=\"https:\/\/art-borescences.com\/category\/actualites\/\" target=\"_blank\" rel=\"noreferrer noopener\">Actualit\u00e9s<\/a>.<\/p>\n<\/div>\n\n\n\n<div class=\"wp-block-column is-layout-flow wp-block-column-is-layout-flow\" style=\"flex-basis:45%\">\n<p>&#8230; Vous r\u00eavez d&rsquo;une <strong>cr\u00e9ation personnalis\u00e9e<\/strong>? Partagez votre projet et parlons de votre future Art.borescence!<\/p>\n<\/div>\n<\/div>\n\n\n\n<p class=\"animated fadeIn slow\">Mes pi\u00e8ces peuvent \u00e9galement \u00eatre r\u00e9ceptionn\u00e9es \u2013 sur rendez-vous \u2013 \u00e0 <strong>Woluwe-Saint-Pierre <\/strong>(Bruxelles).<\/p>\n\n\n\n<p class=\"animated fadeIn slow\">Pour toute demande, n&rsquo;h\u00e9sitez pas \u00e0 <strong>m&rsquo;\u00e9crire<\/strong> via le formulaire ci-dessous:<\/p>\n\n\n<style id=\"wpforms-css-vars-104-block-913e0cc2-025e-46aa-ad6a-fb4e175baa61\">\n\t\t\t\t#wpforms-104.wpforms-block-913e0cc2-025e-46aa-ad6a-fb4e175baa61 {\n\t\t\t\t--wpforms-label-color: #262626;\n--wpforms-label-sublabel-color: #7f7f7f;\n--wpforms-label-error-color: #ff0000;\n--wpforms-page-break-color: #dddddd;\n--wpforms-field-border-radius: 0px;\n--wpforms-field-border-color: #cccccc;\n--wpforms-field-border-color-spare: #cccccc;\n--wpforms-field-text-color: #444444;\n--wpforms-button-border-style: solid;\n--wpforms-button-border-radius: 0px;\n--wpforms-button-background-color: #dddddd;\n--wpforms-button-text-color: #666666;\n--wpforms-button-border-color: #cccccc;\n--wpforms-field-size-input-height: 43px;\n--wpforms-field-size-input-spacing: 15px;\n--wpforms-field-size-font-size: 16px;\n--wpforms-field-size-line-height: 19px;\n--wpforms-field-size-padding-h: 14px;\n--wpforms-field-size-checkbox-size: 16px;\n--wpforms-field-size-sublabel-spacing: 5px;\n--wpforms-field-size-icon-size: 1;\n--wpforms-label-size-font-size: 14px;\n--wpforms-label-size-line-height: 17px;\n--wpforms-label-size-sublabel-font-size: 13px;\n--wpforms-label-size-sublabel-line-height: 16px;\n--wpforms-button-size-font-size: 17px;\n--wpforms-button-size-height: 41px;\n--wpforms-button-size-padding-h: 15px;\n--wpforms-button-size-margin-top: 10px;\n\t\t\t}\n\t\t\t<\/style><div class=\"wpforms-container wpforms-container-full wpforms-block wpforms-block-913e0cc2-025e-46aa-ad6a-fb4e175baa61 wpforms-render-modern\" id=\"wpforms-104\"><form id=\"wpforms-form-104\" class=\"wpforms-validate wpforms-form wpforms-ajax-form\" data-formid=\"104\" method=\"post\" enctype=\"multipart\/form-data\" action=\"\/en\/wp-json\/wp\/v2\/pages\/12\" data-token=\"c361d47115e523851cce09659813a7f6\" data-token-time=\"1778073424\"><noscript class=\"wpforms-error-noscript\">Please enable JavaScript in your browser to complete this form.<\/noscript><div id=\"wpforms-error-noscript\" style=\"display: none;\">Please enable JavaScript in your browser to complete this form.<\/div><div class=\"wpforms-field-container\"><div id=\"wpforms-104-field_0-container\" class=\"wpforms-field wpforms-field-name\" data-field-id=\"0\"><label class=\"wpforms-field-label\" for=\"wpforms-104-field_0\">Nom <span class=\"wpforms-required-label\" aria-hidden=\"true\">*<\/span><\/label><input type=\"text\" id=\"wpforms-104-field_0\" class=\"wpforms-field-medium wpforms-field-required\" name=\"wpforms[fields][0]\" aria-errormessage=\"wpforms-104-field_0-error\" required><\/div><div id=\"wpforms-104-field_1-container\" class=\"wpforms-field wpforms-field-email\" data-field-id=\"1\"><label class=\"wpforms-field-label\" for=\"wpforms-104-field_1\">E-mail <span class=\"wpforms-required-label\" aria-hidden=\"true\">*<\/span><\/label><input type=\"email\" id=\"wpforms-104-field_1\" class=\"wpforms-field-medium wpforms-field-required\" name=\"wpforms[fields][1]\" spellcheck=\"false\" aria-errormessage=\"wpforms-104-field_1-error\" required><\/div><div id=\"wpforms-104-field_2-container\" class=\"wpforms-field wpforms-field-textarea\" data-field-id=\"2\"><label class=\"wpforms-field-label\" for=\"wpforms-104-field_2\">Message<\/label><textarea id=\"wpforms-104-field_2\" class=\"wpforms-field-medium\" name=\"wpforms[fields][2]\" aria-errormessage=\"wpforms-104-field_2-error\" ><\/textarea><\/div><\/div><!-- .wpforms-field-container --><div class=\"wpforms-submit-container\" ><input type=\"hidden\" name=\"wpforms[id]\" value=\"104\"><input type=\"hidden\" name=\"page_title\" value=\"\"><input type=\"hidden\" name=\"page_url\" value=\"https:\/\/art-borescences.com\/en\/wp-json\/wp\/v2\/pages\/12\"><input type=\"hidden\" name=\"url_referer\" value=\"\"><button type=\"submit\" name=\"wpforms[submit]\" id=\"wpforms-submit-104\" class=\"wpforms-submit\" data-alt-text=\"Envoi...\" data-submit-text=\"Envoyer\" aria-live=\"assertive\" value=\"wpforms-submit\">Envoyer<\/button><img loading=\"lazy\" decoding=\"async\" src=\"https:\/\/art-borescences.com\/wp-content\/plugins\/wpforms-lite\/assets\/images\/submit-spin.svg\" class=\"wpforms-submit-spinner\" style=\"display: none;\" width=\"26\" height=\"26\" alt=\"Loading\"><\/div><\/form><\/div>  <!-- .wpforms-container -->\n\n\n<p>N.B.: En soumettant ce formulaire, vous acceptez de recevoir des communications par courrier \u00e9lectronique de notre part et comprenez que vos coordonn\u00e9es seront stock\u00e9es chez nous.<\/p>\n<\/div>\n","protected":false},"excerpt":{"rendered":"<p>Me contacter Mon univers vous inspire, et&#8230; &#8230; Vous souhaitez accueillir ou offrir une Art.borescence&nbsp;? Rendez-vous sur nos lieux d&rsquo;exposition: Actualit\u00e9s. &#8230; Vous r\u00eavez d&rsquo;une cr\u00e9ation personnalis\u00e9e? Partagez votre projet et parlons de votre future Art.borescence! Mes pi\u00e8ces peuvent \u00e9galement \u00eatre r\u00e9ceptionn\u00e9es \u2013 sur rendez-vous \u2013 \u00e0 Woluwe-Saint-Pierre (Bruxelles). Pour toute demande, n&rsquo;h\u00e9sitez pas \u00e0 [&hellip;]<\/p>\n","protected":false},"author":1,"featured_media":0,"parent":0,"menu_order":0,"comment_status":"closed","ping_status":"closed","template":"page-no-title","meta":{"_themeisle_gutenberg_block_has_review":false,"footnotes":""},"class_list":["post-12","page","type-page","status-publish","hentry"],"_links":{"self":[{"href":"https:\/\/art-borescences.com\/en\/wp-json\/wp\/v2\/pages\/12","targetHints":{"allow":["GET"]}}],"collection":[{"href":"https:\/\/art-borescences.com\/en\/wp-json\/wp\/v2\/pages"}],"about":[{"href":"https:\/\/art-borescences.com\/en\/wp-json\/wp\/v2\/types\/page"}],"author":[{"embeddable":true,"href":"https:\/\/art-borescences.com\/en\/wp-json\/wp\/v2\/users\/1"}],"replies":[{"embeddable":true,"href":"https:\/\/art-borescences.com\/en\/wp-json\/wp\/v2\/comments?post=12"}],"version-history":[{"count":35,"href":"https:\/\/art-borescences.com\/en\/wp-json\/wp\/v2\/pages\/12\/revisions"}],"predecessor-version":[{"id":2504,"href":"https:\/\/art-borescences.com\/en\/wp-json\/wp\/v2\/pages\/12\/revisions\/2504"}],"wp:attachment":[{"href":"https:\/\/art-borescences.com\/en\/wp-json\/wp\/v2\/media?parent=12"}],"curies":[{"name":"wp","href":"https:\/\/api.w.org\/{rel}","templated":true}]}}